{"id":3712,"date":"2025-10-23T11:44:23","date_gmt":"2025-10-23T11:44:23","guid":{"rendered":"https:\/\/mediodesign.com\/legal-notice\/"},"modified":"2025-10-27T15:14:38","modified_gmt":"2025-10-27T15:14:38","slug":"legal-notice","status":"publish","type":"page","link":"https:\/\/mediodesign.com\/en\/legal-notice\/","title":{"rendered":"-Legal Notice-"},"content":{"rendered":"\t\t<div data-elementor-type=\"wp-post\" data-elementor-id=\"3712\" class=\"elementor elementor-3712 elementor-3398\" data-elementor-post-type=\"page\">\n\t\t\t\t<div class=\"elementor-element elementor-element-3e82479 e-con-full e-flex e-con e-parent\" data-id=\"3e82479\" data-element_type=\"container\" data-e-type=\"container\" data-settings=\"{&quot;background_background&quot;:&quot;classic&quot;,&quot;sticky&quot;:&quot;top&quot;,&quot;sticky_on&quot;:[&quot;desktop&quot;,&quot;tablet&quot;,&quot;mobile&quot;],&quot;sticky_offset&quot;:0,&quot;sticky_effects_offset&quot;:0,&quot;sticky_anchor_link_offset&quot;:0}\">\n\t\t\t\t<\/div>\n\t\t<div class=\"elementor-element elementor-element-ba2972d e-flex e-con-boxed e-con e-child\" data-id=\"ba2972d\" data-element_type=\"container\" data-e-type=\"container\" data-settings=\"{&quot;background_background&quot;:&quot;classic&quot;}\">\n\t\t\t\t\t<div class=\"e-con-inner\">\n\t\t\t\t<div class=\"elementor-element elementor-element-d93f772 elementor-widget__width-initial elementor-widget elementor-widget-heading\" data-id=\"d93f772\" data-element_type=\"widget\" data-e-type=\"widget\" data-widget_type=\"heading.default\">\n\t\t\t\t\t<h2 class=\"elementor-heading-title elementor-size-default\">Legal Notice<\/h2>\t\t\t\t<\/div>\n\t\t\t\t<div class=\"elementor-element elementor-element-72fccbb elementor-widget__width-initial elementor-widget elementor-widget-heading\" data-id=\"72fccbb\" data-element_type=\"widget\" data-e-type=\"widget\" data-widget_type=\"heading.default\">\n\t\t\t\t\t<h2 class=\"elementor-heading-title elementor-size-default\">Introducci\u00f3n<\/h2>\t\t\t\t<\/div>\n\t\t\t\t<div class=\"elementor-element elementor-element-47e0862 politicaurl elementor-widget elementor-widget-text-editor\" data-id=\"47e0862\" data-element_type=\"widget\" data-e-type=\"widget\" data-widget_type=\"text-editor.default\">\n\t\t\t\t\t\t\t\t\t<p>En cumplimiento de la Ley 34\/2002, de 11 de julio, de Servicios de la Sociedad de la Informaci\u00f3n y del Comercio Electr\u00f3nico (LSSI-CE), se informa lo siguiente:<\/p>\t\t\t\t\t\t\t\t<\/div>\n\t\t\t\t<div class=\"elementor-element elementor-element-1dd9cb5 elementor-widget__width-initial elementor-widget elementor-widget-heading\" data-id=\"1dd9cb5\" data-element_type=\"widget\" data-e-type=\"widget\" data-widget_type=\"heading.default\">\n\t\t\t\t\t<h2 class=\"elementor-heading-title elementor-size-default\">Titular de la Web:<\/h2>\t\t\t\t<\/div>\n\t\t\t\t<div class=\"elementor-element elementor-element-ff34e13 politicaurl elementor-widget elementor-widget-text-editor\" data-id=\"ff34e13\" data-element_type=\"widget\" data-e-type=\"widget\" data-widget_type=\"text-editor.default\">\n\t\t\t\t\t\t\t\t\t<ul><li>Denominaci\u00f3n social: MEDIO DESIGN STUDIO, S.L.<\/li><li>Domicilio social: c\/ Pallars, 85-91, 5\u00ba 2\u00ba, 08018, Barcelona<\/li><li>CIF: B67567065<\/li><li>Tel\u00e9fono de contacto: <a href=\"tel:+34%2093%20143%2016%2016\">(+34) 931 431 616<\/a><\/li><li>E-mail de contacto: <a href=\"mailto:info@mediodesign.com\">info@mediodesign.com<\/a><\/li><\/ul>\t\t\t\t\t\t\t\t<\/div>\n\t\t\t\t<div class=\"elementor-element elementor-element-a230843 elementor-widget__width-initial elementor-widget elementor-widget-heading\" data-id=\"a230843\" data-element_type=\"widget\" data-e-type=\"widget\" data-widget_type=\"heading.default\">\n\t\t\t\t\t<h2 class=\"elementor-heading-title elementor-size-default\">Objeto del sitio web<\/h2>\t\t\t\t<\/div>\n\t\t\t\t<div class=\"elementor-element elementor-element-8b89737 politicaurl elementor-widget elementor-widget-text-editor\" data-id=\"8b89737\" data-element_type=\"widget\" data-e-type=\"widget\" data-widget_type=\"text-editor.default\">\n\t\t\t\t\t\t\t\t\t<p>El presente sitio web tiene como objetivo ofrecer informaci\u00f3n sob sobre la empresa LBL Audit, dar informaci\u00f3n clara sobre los servicios, mostrar un porfolio de los proyectos realizados y dar referencia a los clientes, mantener a los usuarios informados con las historias (noticias) y facilitar el contacto y la inscripci\u00f3n a la Newsletter.<\/p>\t\t\t\t\t\t\t\t<\/div>\n\t\t\t\t<div class=\"elementor-element elementor-element-59eeebd elementor-widget__width-initial elementor-widget elementor-widget-heading\" data-id=\"59eeebd\" data-element_type=\"widget\" data-e-type=\"widget\" data-widget_type=\"heading.default\">\n\t\t\t\t\t<h2 class=\"elementor-heading-title elementor-size-default\">Propiedad intelectual e industrial<\/h2>\t\t\t\t<\/div>\n\t\t\t\t<div class=\"elementor-element elementor-element-55806bc politicaurl elementor-widget elementor-widget-text-editor\" data-id=\"55806bc\" data-element_type=\"widget\" data-e-type=\"widget\" data-widget_type=\"text-editor.default\">\n\t\t\t\t\t\t\t\t\t<p>La base legal para el tratamiento de tus datos es tu consentimiento, que puedes retirar en cualquier momento, sin que ello afecte a la licitud del tratamiento previo. Si desea obtener m\u00e1s informaci\u00f3n al respecto puede solicitarla en <a href=\"mailto:info@mediodesign.com\">info@mediodesign.com<\/a><\/p>\t\t\t\t\t\t\t\t<\/div>\n\t\t\t\t<div class=\"elementor-element elementor-element-1c79c31 elementor-widget__width-initial elementor-widget elementor-widget-heading\" data-id=\"1c79c31\" data-element_type=\"widget\" data-e-type=\"widget\" data-widget_type=\"heading.default\">\n\t\t\t\t\t<h2 class=\"elementor-heading-title elementor-size-default\">Conservaci\u00f3n de los datos<\/h2>\t\t\t\t<\/div>\n\t\t\t\t<div class=\"elementor-element elementor-element-e6cdc34 politicaurl elementor-widget elementor-widget-text-editor\" data-id=\"e6cdc34\" data-element_type=\"widget\" data-e-type=\"widget\" data-widget_type=\"text-editor.default\">\n\t\t\t\t\t\t\t\t\t<p>Todos los contenidos de este sitio web (textos, im\u00e1genes, logotipos, dise\u00f1o, estructura, etc.) est\u00e1n protegidos por la normativa de propiedad intelectual. Est\u00e1 prohibida su reproducci\u00f3n total o parcial sin autorizaci\u00f3n expresa.<\/p>\t\t\t\t\t\t\t\t<\/div>\n\t\t\t\t<div class=\"elementor-element elementor-element-7e94593 elementor-widget__width-initial elementor-widget elementor-widget-heading\" data-id=\"7e94593\" data-element_type=\"widget\" data-e-type=\"widget\" data-widget_type=\"heading.default\">\n\t\t\t\t\t<h2 class=\"elementor-heading-title elementor-size-default\">Responsabilidad:<\/h2>\t\t\t\t<\/div>\n\t\t\t\t<div class=\"elementor-element elementor-element-6575bd8 politicaurl elementor-widget elementor-widget-text-editor\" data-id=\"6575bd8\" data-element_type=\"widget\" data-e-type=\"widget\" data-widget_type=\"text-editor.default\">\n\t\t\t\t\t\t\t\t\t<p>Contenidos<\/p><p>El Titular de la web no se hacen responsables de los errores u omisiones de la informaci\u00f3n o contenidos facilitados a trav\u00e9s del Portal ni de la aplicaci\u00f3n o uso concreto que pudiera hacerse de \u00e9stos. El acceso al Portal no implica la obligaci\u00f3n del titular ni de su personal de comprobar la veracidad, exactitud, idoneidad, adecuaci\u00f3n, exhaustividad y actualidad de la informaci\u00f3n y contenidos.<br>Los contenidos de la web no suponen en forma alguna la prestaci\u00f3n de ning\u00fan servicio legal. El Usuario es el \u00fanico responsable frente a cualquier reclamaci\u00f3n o acci\u00f3n legal, judicial o extrajudicial, iniciada por terceros contra el Titular que tenga su origen en la utilizaci\u00f3n de la web por el Usuario.<br>En su en caso, el Usuario asumir\u00e1 los gastos, costes e indemnizaciones originados con motivo de tales reclamaciones o acciones legales.<\/p><p>Funcionamiento<\/p><p>El Titular no se hace responsable por las interferencias, omisiones, interrupciones, virus inform\u00e1ticos o otros elementos que puedan producir alteraciones en los sistemas del Usuario o en sus documentos o archivos motivados por causas ajenas a a la web. Del mismo modo, el Titular, no asume la responsabilidad derivada de retrasos o bloqueos en el funcionamiento operativo de la web causado por deficiencias o sobrecarga en las l\u00edneas telef\u00f3nicas o en Internet, as\u00ed como de da\u00f1os causados por terceras personas mediante intromisiones ilegitimas. El Titular se reserva el derecho de suspender el acceso al Portal con motivo de operaciones de mantenimiento, reparaci\u00f3n y\/o mejora.<\/p><p>Enlaces<\/p><p>el Titular no se hace responsable de los contenidos y servicios de aquellas p\u00e1ginas web que puedan estar enlazadas en el Portal m\u00e1s all\u00e1 de la responsabilidad asignada por la Ley 34\/2002, de 12 de julio, de Servicios de la Sociedad de la Informaci\u00f3n y el Comercio Electr\u00f3nico, en la medida en que pudiera tener conocimiento efectivo de la ilicitud de los contenidos y servicios suministrados en el portal web enlazado y no desactive el enlace con la diligencia debida. Si desea poner en nuestro conocimiento la existencia de un enlace hacia un sitio web con contenidos que considera inadecuados o il\u00edcitos puede ponerse en contacto con nosotros en <a href=\"mailto:info@mediodesign.com\">info@mediodesign.com.<\/a><\/p>\t\t\t\t\t\t\t\t<\/div>\n\t\t\t\t<div class=\"elementor-element elementor-element-9bf402a elementor-widget__width-initial elementor-widget elementor-widget-heading\" data-id=\"9bf402a\" data-element_type=\"widget\" data-e-type=\"widget\" data-widget_type=\"heading.default\">\n\t\t\t\t\t<h2 class=\"elementor-heading-title elementor-size-default\">Legislaci\u00f3n aplicable y jurisdicci\u00f3n:<\/h2>\t\t\t\t<\/div>\n\t\t\t\t<div class=\"elementor-element elementor-element-0ed0940 politicaurl elementor-widget elementor-widget-text-editor\" data-id=\"0ed0940\" data-element_type=\"widget\" data-e-type=\"widget\" data-widget_type=\"text-editor.default\">\n\t\t\t\t\t\t\t\t\t<p>Este aviso legal se rige por la legislaci\u00f3n espa\u00f1ola. Para la resoluci\u00f3n de cualquier conflicto derivado del acceso al sitio web, el usuario se somete a los tribunales de [Localidad del titular], renunciando a cualquier otro fuero que pudiera corresponderle.<\/p>\t\t\t\t\t\t\t\t<\/div>\n\t\t\t\t<div class=\"elementor-element elementor-element-70ef693 elementor-widget__width-initial elementor-widget elementor-widget-heading\" data-id=\"70ef693\" data-element_type=\"widget\" data-e-type=\"widget\" data-widget_type=\"heading.default\">\n\t\t\t\t\t<h2 class=\"elementor-heading-title elementor-size-default\">Protecci\u00f3n de datos<\/h2>\t\t\t\t<\/div>\n\t\t\t\t<div class=\"elementor-element elementor-element-d2c6b0f politicaurl elementor-widget elementor-widget-text-editor\" data-id=\"d2c6b0f\" data-element_type=\"widget\" data-e-type=\"widget\" data-widget_type=\"text-editor.default\">\n\t\t\t\t\t\t\t\t\t<p>Puede acceder a la informaci\u00f3n detallada respecto al tratamiento de los datos personales que el Titular lleva a t\u00e9rmino de los Usuarios visitando nuestra Pol\u00edtica de Privacidad.<\/p>\t\t\t\t\t\t\t\t<\/div>\n\t\t\t\t\t<\/div>\n\t\t\t\t<\/div>\n\t\t\t\t<\/div>\n\t\t","protected":false},"excerpt":{"rendered":"<p>Legal Notice Introducci\u00f3n En cumplimiento de la Ley 34\/2002, de 11 de julio, de Servicios de la Sociedad de la Informaci\u00f3n y del Comercio Electr\u00f3nico (LSSI-CE), se informa lo siguiente: Titular de la Web: Denominaci\u00f3n social: MEDIO DESIGN STUDIO, S.L. Domicilio social: c\/ Pallars, 85-91, 5\u00ba 2\u00ba, 08018, Barcelona CIF: B67567065 Tel\u00e9fono de contacto: (+34) [&hellip;]<\/p>\n","protected":false},"author":1,"featured_media":0,"parent":0,"menu_order":0,"comment_status":"closed","ping_status":"closed","template":"","meta":{"_acf_changed":false,"footnotes":""},"class_list":["post-3712","page","type-page","status-publish","hentry"],"acf":[],"yoast_head":"<!-- This site is optimized with the Yoast SEO plugin v27.0 - https:\/\/yoast.com\/product\/yoast-seo-wordpress\/ -->\n<title>-Legal Notice- Medio Design<\/title>\n<meta name=\"robots\" content=\"index, follow, max-snippet:-1, max-image-preview:large, max-video-preview:-1\" \/>\n<link rel=\"canonical\" href=\"https:\/\/mediodesign.com\/en\/legal-notice\/\" \/>\n<meta property=\"og:locale\" content=\"en_US\" \/>\n<meta property=\"og:type\" content=\"article\" \/>\n<meta property=\"og:title\" content=\"-Legal Notice- Medio Design\" \/>\n<meta property=\"og:description\" content=\"Legal Notice Introducci\u00f3n En cumplimiento de la Ley 34\/2002, de 11 de julio, de Servicios de la Sociedad de la Informaci\u00f3n y del Comercio Electr\u00f3nico (LSSI-CE), se informa lo siguiente: Titular de la Web: Denominaci\u00f3n social: MEDIO DESIGN STUDIO, S.L. Domicilio social: c\/ Pallars, 85-91, 5\u00ba 2\u00ba, 08018, Barcelona CIF: B67567065 Tel\u00e9fono de contacto: (+34) [&hellip;]\" \/>\n<meta property=\"og:url\" content=\"https:\/\/mediodesign.com\/en\/legal-notice\/\" \/>\n<meta property=\"og:site_name\" content=\"Medio Design\" \/>\n<meta property=\"article:modified_time\" content=\"2025-10-27T15:14:38+00:00\" \/>\n<meta name=\"twitter:card\" content=\"summary_large_image\" \/>\n<meta name=\"twitter:label1\" content=\"Est. reading time\" \/>\n\t<meta name=\"twitter:data1\" content=\"3 minutes\" \/>\n<script type=\"application\/ld+json\" class=\"yoast-schema-graph\">{\"@context\":\"https:\/\/schema.org\",\"@graph\":[{\"@type\":\"WebPage\",\"@id\":\"https:\/\/mediodesign.com\/en\/legal-notice\/\",\"url\":\"https:\/\/mediodesign.com\/en\/legal-notice\/\",\"name\":\"-Legal Notice- Medio Design\",\"isPartOf\":{\"@id\":\"https:\/\/mediodesign.com\/en\/#website\"},\"datePublished\":\"2025-10-23T11:44:23+00:00\",\"dateModified\":\"2025-10-27T15:14:38+00:00\",\"breadcrumb\":{\"@id\":\"https:\/\/mediodesign.com\/en\/legal-notice\/#breadcrumb\"},\"inLanguage\":\"en-US\",\"potentialAction\":[{\"@type\":\"ReadAction\",\"target\":[\"https:\/\/mediodesign.com\/en\/legal-notice\/\"]}]},{\"@type\":\"BreadcrumbList\",\"@id\":\"https:\/\/mediodesign.com\/en\/legal-notice\/#breadcrumb\",\"itemListElement\":[{\"@type\":\"ListItem\",\"position\":1,\"name\":\"Portada\",\"item\":\"https:\/\/mediodesign.com\/en\/home\/\"},{\"@type\":\"ListItem\",\"position\":2,\"name\":\"-Legal Notice-\"}]},{\"@type\":\"WebSite\",\"@id\":\"https:\/\/mediodesign.com\/en\/#website\",\"url\":\"https:\/\/mediodesign.com\/en\/\",\"name\":\"Medio Design\",\"description\":\"\",\"publisher\":{\"@id\":\"https:\/\/mediodesign.com\/en\/#organization\"},\"potentialAction\":[{\"@type\":\"SearchAction\",\"target\":{\"@type\":\"EntryPoint\",\"urlTemplate\":\"https:\/\/mediodesign.com\/en\/?s={search_term_string}\"},\"query-input\":{\"@type\":\"PropertyValueSpecification\",\"valueRequired\":true,\"valueName\":\"search_term_string\"}}],\"inLanguage\":\"en-US\"},{\"@type\":\"Organization\",\"@id\":\"https:\/\/mediodesign.com\/en\/#organization\",\"name\":\"MEDIO DESIGN STUDIO S.L.\",\"url\":\"https:\/\/mediodesign.com\/en\/\",\"logo\":{\"@type\":\"ImageObject\",\"inLanguage\":\"en-US\",\"@id\":\"https:\/\/mediodesign.com\/en\/#\/schema\/logo\/image\/\",\"url\":\"https:\/\/mediodesign.com\/wp-content\/uploads\/2025\/07\/medioLOGO.png\",\"contentUrl\":\"https:\/\/mediodesign.com\/wp-content\/uploads\/2025\/07\/medioLOGO.png\",\"width\":1379,\"height\":493,\"caption\":\"MEDIO DESIGN STUDIO S.L.\"},\"image\":{\"@id\":\"https:\/\/mediodesign.com\/en\/#\/schema\/logo\/image\/\"}}]}<\/script>\n<!-- \/ Yoast SEO plugin. -->","yoast_head_json":{"title":"-Legal Notice- Medio Design","robots":{"index":"index","follow":"follow","max-snippet":"max-snippet:-1","max-image-preview":"max-image-preview:large","max-video-preview":"max-video-preview:-1"},"canonical":"https:\/\/mediodesign.com\/en\/legal-notice\/","og_locale":"en_US","og_type":"article","og_title":"-Legal Notice- Medio Design","og_description":"Legal Notice Introducci\u00f3n En cumplimiento de la Ley 34\/2002, de 11 de julio, de Servicios de la Sociedad de la Informaci\u00f3n y del Comercio Electr\u00f3nico (LSSI-CE), se informa lo siguiente: Titular de la Web: Denominaci\u00f3n social: MEDIO DESIGN STUDIO, S.L. Domicilio social: c\/ Pallars, 85-91, 5\u00ba 2\u00ba, 08018, Barcelona CIF: B67567065 Tel\u00e9fono de contacto: (+34) [&hellip;]","og_url":"https:\/\/mediodesign.com\/en\/legal-notice\/","og_site_name":"Medio Design","article_modified_time":"2025-10-27T15:14:38+00:00","twitter_card":"summary_large_image","twitter_misc":{"Est. reading time":"3 minutes"},"schema":{"@context":"https:\/\/schema.org","@graph":[{"@type":"WebPage","@id":"https:\/\/mediodesign.com\/en\/legal-notice\/","url":"https:\/\/mediodesign.com\/en\/legal-notice\/","name":"-Legal Notice- Medio Design","isPartOf":{"@id":"https:\/\/mediodesign.com\/en\/#website"},"datePublished":"2025-10-23T11:44:23+00:00","dateModified":"2025-10-27T15:14:38+00:00","breadcrumb":{"@id":"https:\/\/mediodesign.com\/en\/legal-notice\/#breadcrumb"},"inLanguage":"en-US","potentialAction":[{"@type":"ReadAction","target":["https:\/\/mediodesign.com\/en\/legal-notice\/"]}]},{"@type":"BreadcrumbList","@id":"https:\/\/mediodesign.com\/en\/legal-notice\/#breadcrumb","itemListElement":[{"@type":"ListItem","position":1,"name":"Portada","item":"https:\/\/mediodesign.com\/en\/home\/"},{"@type":"ListItem","position":2,"name":"-Legal Notice-"}]},{"@type":"WebSite","@id":"https:\/\/mediodesign.com\/en\/#website","url":"https:\/\/mediodesign.com\/en\/","name":"Medio Design","description":"","publisher":{"@id":"https:\/\/mediodesign.com\/en\/#organization"},"potentialAction":[{"@type":"SearchAction","target":{"@type":"EntryPoint","urlTemplate":"https:\/\/mediodesign.com\/en\/?s={search_term_string}"},"query-input":{"@type":"PropertyValueSpecification","valueRequired":true,"valueName":"search_term_string"}}],"inLanguage":"en-US"},{"@type":"Organization","@id":"https:\/\/mediodesign.com\/en\/#organization","name":"MEDIO DESIGN STUDIO S.L.","url":"https:\/\/mediodesign.com\/en\/","logo":{"@type":"ImageObject","inLanguage":"en-US","@id":"https:\/\/mediodesign.com\/en\/#\/schema\/logo\/image\/","url":"https:\/\/mediodesign.com\/wp-content\/uploads\/2025\/07\/medioLOGO.png","contentUrl":"https:\/\/mediodesign.com\/wp-content\/uploads\/2025\/07\/medioLOGO.png","width":1379,"height":493,"caption":"MEDIO DESIGN STUDIO S.L."},"image":{"@id":"https:\/\/mediodesign.com\/en\/#\/schema\/logo\/image\/"}}]}},"_links":{"self":[{"href":"https:\/\/mediodesign.com\/en\/wp-json\/wp\/v2\/pages\/3712","targetHints":{"allow":["GET"]}}],"collection":[{"href":"https:\/\/mediodesign.com\/en\/wp-json\/wp\/v2\/pages"}],"about":[{"href":"https:\/\/mediodesign.com\/en\/wp-json\/wp\/v2\/types\/page"}],"author":[{"embeddable":true,"href":"https:\/\/mediodesign.com\/en\/wp-json\/wp\/v2\/users\/1"}],"replies":[{"embeddable":true,"href":"https:\/\/mediodesign.com\/en\/wp-json\/wp\/v2\/comments?post=3712"}],"version-history":[{"count":1,"href":"https:\/\/mediodesign.com\/en\/wp-json\/wp\/v2\/pages\/3712\/revisions"}],"predecessor-version":[{"id":3713,"href":"https:\/\/mediodesign.com\/en\/wp-json\/wp\/v2\/pages\/3712\/revisions\/3713"}],"wp:attachment":[{"href":"https:\/\/mediodesign.com\/en\/wp-json\/wp\/v2\/media?parent=3712"}],"curies":[{"name":"wp","href":"https:\/\/api.w.org\/{rel}","templated":true}]}}