{"id":3710,"date":"2025-10-23T11:43:50","date_gmt":"2025-10-23T11:43:50","guid":{"rendered":"https:\/\/mediodesign.com\/cookies\/"},"modified":"2025-10-27T15:13:42","modified_gmt":"2025-10-27T15:13:42","slug":"cookies","status":"publish","type":"page","link":"https:\/\/mediodesign.com\/en\/cookies\/","title":{"rendered":"-Cookies-"},"content":{"rendered":"\t\t<div data-elementor-type=\"wp-post\" data-elementor-id=\"3710\" class=\"elementor elementor-3710 elementor-3396\" data-elementor-post-type=\"page\">\n\t\t\t\t<div class=\"elementor-element elementor-element-3e82479 e-con-full e-flex e-con e-parent\" data-id=\"3e82479\" data-element_type=\"container\" data-e-type=\"container\" data-settings=\"{&quot;background_background&quot;:&quot;classic&quot;,&quot;sticky&quot;:&quot;top&quot;,&quot;sticky_on&quot;:[&quot;desktop&quot;,&quot;tablet&quot;,&quot;mobile&quot;],&quot;sticky_offset&quot;:0,&quot;sticky_effects_offset&quot;:0,&quot;sticky_anchor_link_offset&quot;:0}\">\n\t\t\t\t<\/div>\n\t\t<div class=\"elementor-element elementor-element-ba2972d e-flex e-con-boxed e-con e-child\" data-id=\"ba2972d\" data-element_type=\"container\" data-e-type=\"container\" data-settings=\"{&quot;background_background&quot;:&quot;classic&quot;}\">\n\t\t\t\t\t<div class=\"e-con-inner\">\n\t\t\t\t<div class=\"elementor-element elementor-element-d93f772 elementor-widget__width-initial elementor-widget elementor-widget-heading\" data-id=\"d93f772\" data-element_type=\"widget\" data-e-type=\"widget\" data-widget_type=\"heading.default\">\n\t\t\t\t\t<h2 class=\"elementor-heading-title elementor-size-default\">Cookies Policy<\/h2>\t\t\t\t<\/div>\n\t\t\t\t<div class=\"elementor-element elementor-element-846edd1 elementor-widget__width-initial elementor-widget elementor-widget-heading\" data-id=\"846edd1\" data-element_type=\"widget\" data-e-type=\"widget\" data-widget_type=\"heading.default\">\n\t\t\t\t\t<h2 class=\"elementor-heading-title elementor-size-default\">Introducci\u00f3n<\/h2>\t\t\t\t<\/div>\n\t\t\t\t<div class=\"elementor-element elementor-element-47e0862 politicaurl elementor-widget elementor-widget-text-editor\" data-id=\"47e0862\" data-element_type=\"widget\" data-e-type=\"widget\" data-widget_type=\"text-editor.default\">\n\t\t\t\t\t\t\t\t\t<p>Este sitio web utiliza cookies propias y de terceros para fines t\u00e9cnicos, estad\u00edsticos y publicitarios, conforme a la normativa vigente.<\/p>\t\t\t\t\t\t\t\t<\/div>\n\t\t\t\t<div class=\"elementor-element elementor-element-72fccbb elementor-widget__width-initial elementor-widget elementor-widget-heading\" data-id=\"72fccbb\" data-element_type=\"widget\" data-e-type=\"widget\" data-widget_type=\"heading.default\">\n\t\t\t\t\t<h2 class=\"elementor-heading-title elementor-size-default\">\u00bfQu\u00e9 son las cookies?<\/h2>\t\t\t\t<\/div>\n\t\t\t\t<div class=\"elementor-element elementor-element-3b8b15d politicaurl elementor-widget elementor-widget-text-editor\" data-id=\"3b8b15d\" data-element_type=\"widget\" data-e-type=\"widget\" data-widget_type=\"text-editor.default\">\n\t\t\t\t\t\t\t\t\t<p>Las cookies son peque\u00f1os archivos de texto que se almacenan en tu dispositivo cuando visitas una p\u00e1gina web. Sirven para recordar tus preferencias y mejorar tu experiencia de navegaci\u00f3n. <\/p>\t\t\t\t\t\t\t\t<\/div>\n\t\t\t\t<div class=\"elementor-element elementor-element-a230843 elementor-widget__width-initial elementor-widget elementor-widget-heading\" data-id=\"a230843\" data-element_type=\"widget\" data-e-type=\"widget\" data-widget_type=\"heading.default\">\n\t\t\t\t\t<h2 class=\"elementor-heading-title elementor-size-default\">Tipos de Cookies seg\u00fan la finalidad<\/h2>\t\t\t\t<\/div>\n\t\t\t\t<div class=\"elementor-element elementor-element-8b89737 politicaurl elementor-widget elementor-widget-text-editor\" data-id=\"8b89737\" data-element_type=\"widget\" data-e-type=\"widget\" data-widget_type=\"text-editor.default\">\n\t\t\t\t\t\t\t\t\t<ul><li data-start=\"1961\" data-end=\"2038\"><p data-start=\"1963\" data-end=\"2038\">Cookies t\u00e9cnicas: imprescindibles para el funcionamiento del sitio web.<\/p><\/li><li data-start=\"2039\" data-end=\"2137\"><p data-start=\"2041\" data-end=\"2137\">Cookies de personalizaci\u00f3n: son aquellas que permiten recordar informaci\u00f3n para que el usuario acceda al servicio con determinadas caracter\u00edsticas que pueden diferenciar su experiencia de la de otros usuarios, como, por ejemplo, el idioma, el n\u00famero de resultados a mostrar al realizar una b\u00fasqueda, etc.<\/p><\/li><li data-start=\"2039\" data-end=\"2137\"><p data-start=\"2041\" data-end=\"2137\">Cookies de An\u00e1lisis: Recogen informaci\u00f3n del uso que se realiza de la web por parte de los visitantes.<\/p><\/li><li data-start=\"2039\" data-end=\"2137\">Cookies Publicitarias: Recogen informaci\u00f3n sobre las preferencias y elecciones personales de los usuarios, basadas en otras p\u00e1ginas visitadas previamente y poder analizar la efectividad de las capa\u00f1as.<\/li><\/ul>\t\t\t\t\t\t\t\t<\/div>\n\t\t\t\t<div class=\"elementor-element elementor-element-59eeebd elementor-widget__width-initial elementor-widget elementor-widget-heading\" data-id=\"59eeebd\" data-element_type=\"widget\" data-e-type=\"widget\" data-widget_type=\"heading.default\">\n\t\t\t\t\t<h2 class=\"elementor-heading-title elementor-size-default\">Tipos de Cookies seg\u00fan la Propiedad<\/h2>\t\t\t\t<\/div>\n\t\t\t\t<div class=\"elementor-element elementor-element-55806bc politicaurl elementor-widget elementor-widget-text-editor\" data-id=\"55806bc\" data-element_type=\"widget\" data-e-type=\"widget\" data-widget_type=\"text-editor.default\">\n\t\t\t\t\t\t\t\t\t<ul><li>Propias: son aquellas de las que es responsable el propio editor y que, generalmente, se env\u00edan al equipo terminal del usuario desde un equipo o dominio gestionado por el propio editor y desde el que se presta el servicio solicitado por el usuario.<br><br><\/li><li>De Terceros: son aquellas de las que es responsable una entidad distinta del editor y que, generalmente, se env\u00edan al equipo terminal del usuario desde un equipo o dominio que no es gestionado por el editor, sino por otra entidad que trata los datos obtenidos a trav\u00e9s de las cookies.<\/li><\/ul>\t\t\t\t\t\t\t\t<\/div>\n\t\t\t\t<div class=\"elementor-element elementor-element-1c79c31 elementor-widget__width-initial elementor-widget elementor-widget-heading\" data-id=\"1c79c31\" data-element_type=\"widget\" data-e-type=\"widget\" data-widget_type=\"heading.default\">\n\t\t\t\t\t<h2 class=\"elementor-heading-title elementor-size-default\">Cookies usadas en la web:<\/h2>\t\t\t\t<\/div>\n\t\t\t\t<div class=\"elementor-element elementor-element-e6cdc34 politicaurl elementor-widget elementor-widget-text-editor\" data-id=\"e6cdc34\" data-element_type=\"widget\" data-e-type=\"widget\" data-widget_type=\"text-editor.default\">\n\t\t\t\t\t\t\t\t\t<p>La cookies que se usan en esta web est\u00e1n especificadas con descripci\u00f3n, uso y tiempo de duraci\u00f3n en el banner de cookies proporcionado por CookieYes. Para acceder hay que pulsar el icono de Cookies visible en esquina inferior izquierda de la web. <\/p>\t\t\t\t\t\t\t\t<\/div>\n\t\t\t\t<div class=\"elementor-element elementor-element-7e94593 elementor-widget__width-initial elementor-widget elementor-widget-heading\" data-id=\"7e94593\" data-element_type=\"widget\" data-e-type=\"widget\" data-widget_type=\"heading.default\">\n\t\t\t\t\t<h2 class=\"elementor-heading-title elementor-size-default\">Gesti\u00f3n de cookies:<\/h2>\t\t\t\t<\/div>\n\t\t\t\t<div class=\"elementor-element elementor-element-6575bd8 politicaurl elementor-widget elementor-widget-text-editor\" data-id=\"6575bd8\" data-element_type=\"widget\" data-e-type=\"widget\" data-widget_type=\"text-editor.default\">\n\t\t\t\t\t\t\t\t\t<p>Puedes aceptar, rechazar o configurar el uso de cookies a trav\u00e9s del banner de cookies que aparece al entrar en nuestra web. Tambi\u00e9n puedes configurar tu navegador para bloquearlas o eliminarlas en cualquier momento. <\/p>\t\t\t\t\t\t\t\t<\/div>\n\t\t\t\t<div class=\"elementor-element elementor-element-9bf402a elementor-widget__width-initial elementor-widget elementor-widget-heading\" data-id=\"9bf402a\" data-element_type=\"widget\" data-e-type=\"widget\" data-widget_type=\"heading.default\">\n\t\t\t\t\t<h2 class=\"elementor-heading-title elementor-size-default\">Ajustes de Cookies en los navegadores m\u00e1s comunes:<\/h2>\t\t\t\t<\/div>\n\t\t\t\t<div class=\"elementor-element elementor-element-0ed0940 politicaurl elementor-widget elementor-widget-text-editor\" data-id=\"0ed0940\" data-element_type=\"widget\" data-e-type=\"widget\" data-widget_type=\"text-editor.default\">\n\t\t\t\t\t\t\t\t\t<ul><li data-start=\"2552\" data-end=\"2610\"><p data-start=\"2554\" data-end=\"2610\">Chrome: Configuraci\u00f3n \u2013 Privacidad y seguridad \u2013 Cookies<\/p><\/li><li data-start=\"2611\" data-end=\"2669\"><p data-start=\"2613\" data-end=\"2669\">Firefox: Preferencias \u2013 Privacidad y seguridad \u2013 Cookies<\/p><\/li><li data-start=\"2670\" data-end=\"2705\"><p data-start=\"2672\" data-end=\"2705\">Safari: Preferencias \u2013 Privacidad<\/p><\/li><\/ul>\t\t\t\t\t\t\t\t<\/div>\n\t\t\t\t\t<\/div>\n\t\t\t\t<\/div>\n\t\t\t\t<\/div>\n\t\t","protected":false},"excerpt":{"rendered":"<p>Cookies Policy Introducci\u00f3n Este sitio web utiliza cookies propias y de terceros para fines t\u00e9cnicos, estad\u00edsticos y publicitarios, conforme a la normativa vigente. \u00bfQu\u00e9 son las cookies? Las cookies son peque\u00f1os archivos de texto que se almacenan en tu dispositivo cuando visitas una p\u00e1gina web. Sirven para recordar tus preferencias y mejorar tu experiencia de [&hellip;]<\/p>\n","protected":false},"author":1,"featured_media":0,"parent":0,"menu_order":0,"comment_status":"closed","ping_status":"closed","template":"","meta":{"_acf_changed":false,"footnotes":""},"class_list":["post-3710","page","type-page","status-publish","hentry"],"acf":[],"yoast_head":"<!-- This site is optimized with the Yoast SEO plugin v27.0 - https:\/\/yoast.com\/product\/yoast-seo-wordpress\/ -->\n<title>-Cookies- Medio Design<\/title>\n<meta name=\"robots\" content=\"index, follow, max-snippet:-1, max-image-preview:large, max-video-preview:-1\" \/>\n<link rel=\"canonical\" href=\"https:\/\/mediodesign.com\/en\/cookies\/\" \/>\n<meta property=\"og:locale\" content=\"en_US\" \/>\n<meta property=\"og:type\" content=\"article\" \/>\n<meta property=\"og:title\" content=\"-Cookies- Medio Design\" \/>\n<meta property=\"og:description\" content=\"Cookies Policy Introducci\u00f3n Este sitio web utiliza cookies propias y de terceros para fines t\u00e9cnicos, estad\u00edsticos y publicitarios, conforme a la normativa vigente. \u00bfQu\u00e9 son las cookies? Las cookies son peque\u00f1os archivos de texto que se almacenan en tu dispositivo cuando visitas una p\u00e1gina web. Sirven para recordar tus preferencias y mejorar tu experiencia de [&hellip;]\" \/>\n<meta property=\"og:url\" content=\"https:\/\/mediodesign.com\/en\/cookies\/\" \/>\n<meta property=\"og:site_name\" content=\"Medio Design\" \/>\n<meta property=\"article:modified_time\" content=\"2025-10-27T15:13:42+00:00\" \/>\n<meta name=\"twitter:card\" content=\"summary_large_image\" \/>\n<meta name=\"twitter:label1\" content=\"Est. reading time\" \/>\n\t<meta name=\"twitter:data1\" content=\"2 minutes\" \/>\n<script type=\"application\/ld+json\" class=\"yoast-schema-graph\">{\"@context\":\"https:\/\/schema.org\",\"@graph\":[{\"@type\":\"WebPage\",\"@id\":\"https:\/\/mediodesign.com\/en\/cookies\/\",\"url\":\"https:\/\/mediodesign.com\/en\/cookies\/\",\"name\":\"-Cookies- Medio Design\",\"isPartOf\":{\"@id\":\"https:\/\/mediodesign.com\/en\/#website\"},\"datePublished\":\"2025-10-23T11:43:50+00:00\",\"dateModified\":\"2025-10-27T15:13:42+00:00\",\"breadcrumb\":{\"@id\":\"https:\/\/mediodesign.com\/en\/cookies\/#breadcrumb\"},\"inLanguage\":\"en-US\",\"potentialAction\":[{\"@type\":\"ReadAction\",\"target\":[\"https:\/\/mediodesign.com\/en\/cookies\/\"]}]},{\"@type\":\"BreadcrumbList\",\"@id\":\"https:\/\/mediodesign.com\/en\/cookies\/#breadcrumb\",\"itemListElement\":[{\"@type\":\"ListItem\",\"position\":1,\"name\":\"Portada\",\"item\":\"https:\/\/mediodesign.com\/en\/home\/\"},{\"@type\":\"ListItem\",\"position\":2,\"name\":\"-Cookies-\"}]},{\"@type\":\"WebSite\",\"@id\":\"https:\/\/mediodesign.com\/en\/#website\",\"url\":\"https:\/\/mediodesign.com\/en\/\",\"name\":\"Medio Design\",\"description\":\"\",\"publisher\":{\"@id\":\"https:\/\/mediodesign.com\/en\/#organization\"},\"potentialAction\":[{\"@type\":\"SearchAction\",\"target\":{\"@type\":\"EntryPoint\",\"urlTemplate\":\"https:\/\/mediodesign.com\/en\/?s={search_term_string}\"},\"query-input\":{\"@type\":\"PropertyValueSpecification\",\"valueRequired\":true,\"valueName\":\"search_term_string\"}}],\"inLanguage\":\"en-US\"},{\"@type\":\"Organization\",\"@id\":\"https:\/\/mediodesign.com\/en\/#organization\",\"name\":\"MEDIO DESIGN STUDIO S.L.\",\"url\":\"https:\/\/mediodesign.com\/en\/\",\"logo\":{\"@type\":\"ImageObject\",\"inLanguage\":\"en-US\",\"@id\":\"https:\/\/mediodesign.com\/en\/#\/schema\/logo\/image\/\",\"url\":\"https:\/\/mediodesign.com\/wp-content\/uploads\/2025\/07\/medioLOGO.png\",\"contentUrl\":\"https:\/\/mediodesign.com\/wp-content\/uploads\/2025\/07\/medioLOGO.png\",\"width\":1379,\"height\":493,\"caption\":\"MEDIO DESIGN STUDIO S.L.\"},\"image\":{\"@id\":\"https:\/\/mediodesign.com\/en\/#\/schema\/logo\/image\/\"}}]}<\/script>\n<!-- \/ Yoast SEO plugin. -->","yoast_head_json":{"title":"-Cookies- Medio Design","robots":{"index":"index","follow":"follow","max-snippet":"max-snippet:-1","max-image-preview":"max-image-preview:large","max-video-preview":"max-video-preview:-1"},"canonical":"https:\/\/mediodesign.com\/en\/cookies\/","og_locale":"en_US","og_type":"article","og_title":"-Cookies- Medio Design","og_description":"Cookies Policy Introducci\u00f3n Este sitio web utiliza cookies propias y de terceros para fines t\u00e9cnicos, estad\u00edsticos y publicitarios, conforme a la normativa vigente. \u00bfQu\u00e9 son las cookies? Las cookies son peque\u00f1os archivos de texto que se almacenan en tu dispositivo cuando visitas una p\u00e1gina web. Sirven para recordar tus preferencias y mejorar tu experiencia de [&hellip;]","og_url":"https:\/\/mediodesign.com\/en\/cookies\/","og_site_name":"Medio Design","article_modified_time":"2025-10-27T15:13:42+00:00","twitter_card":"summary_large_image","twitter_misc":{"Est. reading time":"2 minutes"},"schema":{"@context":"https:\/\/schema.org","@graph":[{"@type":"WebPage","@id":"https:\/\/mediodesign.com\/en\/cookies\/","url":"https:\/\/mediodesign.com\/en\/cookies\/","name":"-Cookies- Medio Design","isPartOf":{"@id":"https:\/\/mediodesign.com\/en\/#website"},"datePublished":"2025-10-23T11:43:50+00:00","dateModified":"2025-10-27T15:13:42+00:00","breadcrumb":{"@id":"https:\/\/mediodesign.com\/en\/cookies\/#breadcrumb"},"inLanguage":"en-US","potentialAction":[{"@type":"ReadAction","target":["https:\/\/mediodesign.com\/en\/cookies\/"]}]},{"@type":"BreadcrumbList","@id":"https:\/\/mediodesign.com\/en\/cookies\/#breadcrumb","itemListElement":[{"@type":"ListItem","position":1,"name":"Portada","item":"https:\/\/mediodesign.com\/en\/home\/"},{"@type":"ListItem","position":2,"name":"-Cookies-"}]},{"@type":"WebSite","@id":"https:\/\/mediodesign.com\/en\/#website","url":"https:\/\/mediodesign.com\/en\/","name":"Medio Design","description":"","publisher":{"@id":"https:\/\/mediodesign.com\/en\/#organization"},"potentialAction":[{"@type":"SearchAction","target":{"@type":"EntryPoint","urlTemplate":"https:\/\/mediodesign.com\/en\/?s={search_term_string}"},"query-input":{"@type":"PropertyValueSpecification","valueRequired":true,"valueName":"search_term_string"}}],"inLanguage":"en-US"},{"@type":"Organization","@id":"https:\/\/mediodesign.com\/en\/#organization","name":"MEDIO DESIGN STUDIO S.L.","url":"https:\/\/mediodesign.com\/en\/","logo":{"@type":"ImageObject","inLanguage":"en-US","@id":"https:\/\/mediodesign.com\/en\/#\/schema\/logo\/image\/","url":"https:\/\/mediodesign.com\/wp-content\/uploads\/2025\/07\/medioLOGO.png","contentUrl":"https:\/\/mediodesign.com\/wp-content\/uploads\/2025\/07\/medioLOGO.png","width":1379,"height":493,"caption":"MEDIO DESIGN STUDIO S.L."},"image":{"@id":"https:\/\/mediodesign.com\/en\/#\/schema\/logo\/image\/"}}]}},"_links":{"self":[{"href":"https:\/\/mediodesign.com\/en\/wp-json\/wp\/v2\/pages\/3710","targetHints":{"allow":["GET"]}}],"collection":[{"href":"https:\/\/mediodesign.com\/en\/wp-json\/wp\/v2\/pages"}],"about":[{"href":"https:\/\/mediodesign.com\/en\/wp-json\/wp\/v2\/types\/page"}],"author":[{"embeddable":true,"href":"https:\/\/mediodesign.com\/en\/wp-json\/wp\/v2\/users\/1"}],"replies":[{"embeddable":true,"href":"https:\/\/mediodesign.com\/en\/wp-json\/wp\/v2\/comments?post=3710"}],"version-history":[{"count":1,"href":"https:\/\/mediodesign.com\/en\/wp-json\/wp\/v2\/pages\/3710\/revisions"}],"predecessor-version":[{"id":3711,"href":"https:\/\/mediodesign.com\/en\/wp-json\/wp\/v2\/pages\/3710\/revisions\/3711"}],"wp:attachment":[{"href":"https:\/\/mediodesign.com\/en\/wp-json\/wp\/v2\/media?parent=3710"}],"curies":[{"name":"wp","href":"https:\/\/api.w.org\/{rel}","templated":true}]}}