{"id":3708,"date":"2025-10-23T11:25:16","date_gmt":"2025-10-23T11:25:16","guid":{"rendered":"https:\/\/mediodesign.com\/privacy\/"},"modified":"2025-10-27T15:13:00","modified_gmt":"2025-10-27T15:13:00","slug":"privacy","status":"publish","type":"page","link":"https:\/\/mediodesign.com\/en\/privacy\/","title":{"rendered":"-Privacy-"},"content":{"rendered":"\t\t<div data-elementor-type=\"wp-post\" data-elementor-id=\"3708\" class=\"elementor elementor-3708 elementor-3380\" data-elementor-post-type=\"page\">\n\t\t\t\t<div class=\"elementor-element elementor-element-3e82479 e-con-full e-flex e-con e-parent\" data-id=\"3e82479\" data-element_type=\"container\" data-e-type=\"container\" data-settings=\"{&quot;background_background&quot;:&quot;classic&quot;,&quot;sticky&quot;:&quot;top&quot;,&quot;sticky_on&quot;:[&quot;desktop&quot;,&quot;tablet&quot;,&quot;mobile&quot;],&quot;sticky_offset&quot;:0,&quot;sticky_effects_offset&quot;:0,&quot;sticky_anchor_link_offset&quot;:0}\">\n\t\t\t\t<\/div>\n\t\t<div class=\"elementor-element elementor-element-ba2972d e-flex e-con-boxed e-con e-child\" data-id=\"ba2972d\" data-element_type=\"container\" data-e-type=\"container\" data-settings=\"{&quot;background_background&quot;:&quot;classic&quot;}\">\n\t\t\t\t\t<div class=\"e-con-inner\">\n\t\t\t\t<div class=\"elementor-element elementor-element-d93f772 elementor-widget__width-initial elementor-widget elementor-widget-heading\" data-id=\"d93f772\" data-element_type=\"widget\" data-e-type=\"widget\" data-widget_type=\"heading.default\">\n\t\t\t\t\t<h2 class=\"elementor-heading-title elementor-size-default\">privacy Policy<\/h2>\t\t\t\t<\/div>\n\t\t\t\t<div class=\"elementor-element elementor-element-846edd1 elementor-widget__width-initial elementor-widget elementor-widget-heading\" data-id=\"846edd1\" data-element_type=\"widget\" data-e-type=\"widget\" data-widget_type=\"heading.default\">\n\t\t\t\t\t<h2 class=\"elementor-heading-title elementor-size-default\">Introducci\u00f3n<\/h2>\t\t\t\t<\/div>\n\t\t\t\t<div class=\"elementor-element elementor-element-47e0862 politicaurl elementor-widget elementor-widget-text-editor\" data-id=\"47e0862\" data-element_type=\"widget\" data-e-type=\"widget\" data-widget_type=\"text-editor.default\">\n\t\t\t\t\t\t\t\t\t<p>En cumplimiento del Reglamento (UE) 2016\/679 del Parlamento Europeo y del Consejo (RGPD), y de la Ley Org\u00e1nica 3\/2018 de Protecci\u00f3n de Datos y Garant\u00eda de los Derechos Digitales (LOPDGDD), te informamos sobre el tratamiento de tus datos personales.<\/p>\t\t\t\t\t\t\t\t<\/div>\n\t\t\t\t<div class=\"elementor-element elementor-element-72fccbb elementor-widget__width-initial elementor-widget elementor-widget-heading\" data-id=\"72fccbb\" data-element_type=\"widget\" data-e-type=\"widget\" data-widget_type=\"heading.default\">\n\t\t\t\t\t<h2 class=\"elementor-heading-title elementor-size-default\">Responsable del tratamiento<\/h2>\t\t\t\t<\/div>\n\t\t\t\t<div class=\"elementor-element elementor-element-3b8b15d politicaurl elementor-widget elementor-widget-text-editor\" data-id=\"3b8b15d\" data-element_type=\"widget\" data-e-type=\"widget\" data-widget_type=\"text-editor.default\">\n\t\t\t\t\t\t\t\t\t<ul><li>Denominaci\u00f3n social: MEDIO DESIGN STUDIO, S.L.<\/li><li>Domicilio social: c\/ Pallars, 85-91, 5\u00ba 2\u00ba, 08018, Barcelona<\/li><li>CIF: B67567065<\/li><li>Tel\u00e9fono de contacto: <a href=\"tel:+34%2093%20143%2016%2016\">(+34) 931 431 616<\/a><\/li><li>E-mail de contacto: <a href=\"mailto:info@mediodesign.com\">info@mediodesign.com<\/a><\/li><\/ul>\t\t\t\t\t\t\t\t<\/div>\n\t\t\t\t<div class=\"elementor-element elementor-element-a230843 elementor-widget__width-initial elementor-widget elementor-widget-heading\" data-id=\"a230843\" data-element_type=\"widget\" data-e-type=\"widget\" data-widget_type=\"heading.default\">\n\t\t\t\t\t<h2 class=\"elementor-heading-title elementor-size-default\">Finalidad del tratamiento<\/h2>\t\t\t\t<\/div>\n\t\t\t\t<div class=\"elementor-element elementor-element-8b89737 politicaurl elementor-widget elementor-widget-text-editor\" data-id=\"8b89737\" data-element_type=\"widget\" data-e-type=\"widget\" data-widget_type=\"text-editor.default\">\n\t\t\t\t\t\t\t\t\t<p>Tratamos los datos que nos facilitas con las siguientes finalidades:<\/p><ul><li>Elaborar adecuadamente la propuesta de servicios solicitada.<\/li><li>Gestionar la contrataci\u00f3n de los servicios solicitados.<\/li><li>Mantener el contacto para recabar informaci\u00f3n o proporcionar informaci\u00f3n sobre los servicios contratados y\/o modificaciones en \u00e9ste.<\/li><li>Enviar comunicaciones electr\u00f3nicas a trav\u00e9s de la Newsletter en relaci\u00f3n con actividades, novedades, eventos y noticias de la empresa que puedan ser de su inter\u00e9s de acuerdo con la naturaleza del servicio contratado y siempre que no manifieste su deseo de no recibirlas al amparo del permitido por la Ley 34\/2002, de 11 de julio, de servicios de la sociedad de la informaci\u00f3n y de comercio electr\u00f3nico.<\/li><li>En relaci\u00f3n a las solicitudes de contacto, los datos ser\u00e1n objeto de tratamiento con el fin de proporcionar una adecuada gesti\u00f3n y atenci\u00f3n de la solicitud de acuerdo con la naturaleza de la misma.<\/li><\/ul>\t\t\t\t\t\t\t\t<\/div>\n\t\t\t\t<div class=\"elementor-element elementor-element-59eeebd elementor-widget__width-initial elementor-widget elementor-widget-heading\" data-id=\"59eeebd\" data-element_type=\"widget\" data-e-type=\"widget\" data-widget_type=\"heading.default\">\n\t\t\t\t\t<h2 class=\"elementor-heading-title elementor-size-default\">Legitimaci\u00f3n<\/h2>\t\t\t\t<\/div>\n\t\t\t\t<div class=\"elementor-element elementor-element-55806bc politicaurl elementor-widget elementor-widget-text-editor\" data-id=\"55806bc\" data-element_type=\"widget\" data-e-type=\"widget\" data-widget_type=\"text-editor.default\">\n\t\t\t\t\t\t\t\t\t<p>La base legal para el tratamiento de tus datos es tu consentimiento, que puedes retirar en cualquier momento, sin que ello afecte a la licitud del tratamiento previo. Si desea obtener m\u00e1s informaci\u00f3n al respecto puede solicitarla en <a href=\"mailto:info@mediodesign.com\">info@mediodesign.com<\/a> <\/p>\t\t\t\t\t\t\t\t<\/div>\n\t\t\t\t<div class=\"elementor-element elementor-element-1c79c31 elementor-widget__width-initial elementor-widget elementor-widget-heading\" data-id=\"1c79c31\" data-element_type=\"widget\" data-e-type=\"widget\" data-widget_type=\"heading.default\">\n\t\t\t\t\t<h2 class=\"elementor-heading-title elementor-size-default\">Conservaci\u00f3n de los datos<\/h2>\t\t\t\t<\/div>\n\t\t\t\t<div class=\"elementor-element elementor-element-e6cdc34 politicaurl elementor-widget elementor-widget-text-editor\" data-id=\"e6cdc34\" data-element_type=\"widget\" data-e-type=\"widget\" data-widget_type=\"text-editor.default\">\n\t\t\t\t\t\t\t\t\t<p>Los datos recopilados a trav\u00e9s del formulario de subscripci\u00f3n a la Newsletter, se conservar\u00e1n mientras se mantenga la relaci\u00f3n o hasta que el usuario solicite su cancelaci\u00f3n.<\/p>\t\t\t\t\t\t\t\t<\/div>\n\t\t\t\t<div class=\"elementor-element elementor-element-7e94593 elementor-widget__width-initial elementor-widget elementor-widget-heading\" data-id=\"7e94593\" data-element_type=\"widget\" data-e-type=\"widget\" data-widget_type=\"heading.default\">\n\t\t\t\t\t<h2 class=\"elementor-heading-title elementor-size-default\">Destinatarios<\/h2>\t\t\t\t<\/div>\n\t\t\t\t<div class=\"elementor-element elementor-element-6575bd8 politicaurl elementor-widget elementor-widget-text-editor\" data-id=\"6575bd8\" data-element_type=\"widget\" data-e-type=\"widget\" data-widget_type=\"text-editor.default\">\n\t\t\t\t\t\t\t\t\t<p>No se ceder\u00e1n datos a terceros salvo obligaci\u00f3n legal o proveedores con contrato de tratamiento de datos vigente (hosting, correo, CRM, etc.).<\/p>\t\t\t\t\t\t\t\t<\/div>\n\t\t\t\t<div class=\"elementor-element elementor-element-9bf402a elementor-widget__width-initial elementor-widget elementor-widget-heading\" data-id=\"9bf402a\" data-element_type=\"widget\" data-e-type=\"widget\" data-widget_type=\"heading.default\">\n\t\t\t\t\t<h2 class=\"elementor-heading-title elementor-size-default\">Destinatarios<\/h2>\t\t\t\t<\/div>\n\t\t\t\t<div class=\"elementor-element elementor-element-0ed0940 politicaurl elementor-widget elementor-widget-text-editor\" data-id=\"0ed0940\" data-element_type=\"widget\" data-e-type=\"widget\" data-widget_type=\"text-editor.default\">\n\t\t\t\t\t\t\t\t\t<p>Puedes ejercer tus derechos de acceso, rectificaci\u00f3n, supresi\u00f3n, oposici\u00f3n, limitaci\u00f3n del tratamiento y portabilidad enviando un correo electr\u00f3nico a <a href=\"mailto:info@mediodesign.com\">info@mediodesign.com<\/a> con el asunto \u201cProtecci\u00f3n de Datos\u201d. Tambi\u00e9n puedes reclamar ante la Agencia Espa\u00f1ola de Protecci\u00f3n de Datos <a href=\"https:\/\/www.aepd.es\/\">www.aepd.es<\/a>. <\/p>\t\t\t\t\t\t\t\t<\/div>\n\t\t\t\t\t<\/div>\n\t\t\t\t<\/div>\n\t\t\t\t<\/div>\n\t\t","protected":false},"excerpt":{"rendered":"<p>privacy Policy Introducci\u00f3n En cumplimiento del Reglamento (UE) 2016\/679 del Parlamento Europeo y del Consejo (RGPD), y de la Ley Org\u00e1nica 3\/2018 de Protecci\u00f3n de Datos y Garant\u00eda de los Derechos Digitales (LOPDGDD), te informamos sobre el tratamiento de tus datos personales. Responsable del tratamiento Denominaci\u00f3n social: MEDIO DESIGN STUDIO, S.L. Domicilio social: c\/ Pallars, [&hellip;]<\/p>\n","protected":false},"author":1,"featured_media":0,"parent":0,"menu_order":0,"comment_status":"closed","ping_status":"closed","template":"","meta":{"_acf_changed":false,"footnotes":""},"class_list":["post-3708","page","type-page","status-publish","hentry"],"acf":[],"yoast_head":"<!-- This site is optimized with the Yoast SEO plugin v27.0 - https:\/\/yoast.com\/product\/yoast-seo-wordpress\/ -->\n<title>-Privacy- Medio Design<\/title>\n<meta name=\"robots\" content=\"index, follow, max-snippet:-1, max-image-preview:large, max-video-preview:-1\" \/>\n<link rel=\"canonical\" href=\"https:\/\/mediodesign.com\/en\/privacy\/\" \/>\n<meta property=\"og:locale\" content=\"en_US\" \/>\n<meta property=\"og:type\" content=\"article\" \/>\n<meta property=\"og:title\" content=\"-Privacy- Medio Design\" \/>\n<meta property=\"og:description\" content=\"privacy Policy Introducci\u00f3n En cumplimiento del Reglamento (UE) 2016\/679 del Parlamento Europeo y del Consejo (RGPD), y de la Ley Org\u00e1nica 3\/2018 de Protecci\u00f3n de Datos y Garant\u00eda de los Derechos Digitales (LOPDGDD), te informamos sobre el tratamiento de tus datos personales. Responsable del tratamiento Denominaci\u00f3n social: MEDIO DESIGN STUDIO, S.L. Domicilio social: c\/ Pallars, [&hellip;]\" \/>\n<meta property=\"og:url\" content=\"https:\/\/mediodesign.com\/en\/privacy\/\" \/>\n<meta property=\"og:site_name\" content=\"Medio Design\" \/>\n<meta property=\"article:modified_time\" content=\"2025-10-27T15:13:00+00:00\" \/>\n<meta name=\"twitter:card\" content=\"summary_large_image\" \/>\n<meta name=\"twitter:label1\" content=\"Est. reading time\" \/>\n\t<meta name=\"twitter:data1\" content=\"2 minutes\" \/>\n<script type=\"application\/ld+json\" class=\"yoast-schema-graph\">{\"@context\":\"https:\/\/schema.org\",\"@graph\":[{\"@type\":\"WebPage\",\"@id\":\"https:\/\/mediodesign.com\/en\/privacy\/\",\"url\":\"https:\/\/mediodesign.com\/en\/privacy\/\",\"name\":\"-Privacy- Medio Design\",\"isPartOf\":{\"@id\":\"https:\/\/mediodesign.com\/en\/#website\"},\"datePublished\":\"2025-10-23T11:25:16+00:00\",\"dateModified\":\"2025-10-27T15:13:00+00:00\",\"breadcrumb\":{\"@id\":\"https:\/\/mediodesign.com\/en\/privacy\/#breadcrumb\"},\"inLanguage\":\"en-US\",\"potentialAction\":[{\"@type\":\"ReadAction\",\"target\":[\"https:\/\/mediodesign.com\/en\/privacy\/\"]}]},{\"@type\":\"BreadcrumbList\",\"@id\":\"https:\/\/mediodesign.com\/en\/privacy\/#breadcrumb\",\"itemListElement\":[{\"@type\":\"ListItem\",\"position\":1,\"name\":\"Portada\",\"item\":\"https:\/\/mediodesign.com\/en\/home\/\"},{\"@type\":\"ListItem\",\"position\":2,\"name\":\"-Privacy-\"}]},{\"@type\":\"WebSite\",\"@id\":\"https:\/\/mediodesign.com\/en\/#website\",\"url\":\"https:\/\/mediodesign.com\/en\/\",\"name\":\"Medio Design\",\"description\":\"\",\"publisher\":{\"@id\":\"https:\/\/mediodesign.com\/en\/#organization\"},\"potentialAction\":[{\"@type\":\"SearchAction\",\"target\":{\"@type\":\"EntryPoint\",\"urlTemplate\":\"https:\/\/mediodesign.com\/en\/?s={search_term_string}\"},\"query-input\":{\"@type\":\"PropertyValueSpecification\",\"valueRequired\":true,\"valueName\":\"search_term_string\"}}],\"inLanguage\":\"en-US\"},{\"@type\":\"Organization\",\"@id\":\"https:\/\/mediodesign.com\/en\/#organization\",\"name\":\"MEDIO DESIGN STUDIO S.L.\",\"url\":\"https:\/\/mediodesign.com\/en\/\",\"logo\":{\"@type\":\"ImageObject\",\"inLanguage\":\"en-US\",\"@id\":\"https:\/\/mediodesign.com\/en\/#\/schema\/logo\/image\/\",\"url\":\"https:\/\/mediodesign.com\/wp-content\/uploads\/2025\/07\/medioLOGO.png\",\"contentUrl\":\"https:\/\/mediodesign.com\/wp-content\/uploads\/2025\/07\/medioLOGO.png\",\"width\":1379,\"height\":493,\"caption\":\"MEDIO DESIGN STUDIO S.L.\"},\"image\":{\"@id\":\"https:\/\/mediodesign.com\/en\/#\/schema\/logo\/image\/\"}}]}<\/script>\n<!-- \/ Yoast SEO plugin. -->","yoast_head_json":{"title":"-Privacy- Medio Design","robots":{"index":"index","follow":"follow","max-snippet":"max-snippet:-1","max-image-preview":"max-image-preview:large","max-video-preview":"max-video-preview:-1"},"canonical":"https:\/\/mediodesign.com\/en\/privacy\/","og_locale":"en_US","og_type":"article","og_title":"-Privacy- Medio Design","og_description":"privacy Policy Introducci\u00f3n En cumplimiento del Reglamento (UE) 2016\/679 del Parlamento Europeo y del Consejo (RGPD), y de la Ley Org\u00e1nica 3\/2018 de Protecci\u00f3n de Datos y Garant\u00eda de los Derechos Digitales (LOPDGDD), te informamos sobre el tratamiento de tus datos personales. Responsable del tratamiento Denominaci\u00f3n social: MEDIO DESIGN STUDIO, S.L. Domicilio social: c\/ Pallars, [&hellip;]","og_url":"https:\/\/mediodesign.com\/en\/privacy\/","og_site_name":"Medio Design","article_modified_time":"2025-10-27T15:13:00+00:00","twitter_card":"summary_large_image","twitter_misc":{"Est. reading time":"2 minutes"},"schema":{"@context":"https:\/\/schema.org","@graph":[{"@type":"WebPage","@id":"https:\/\/mediodesign.com\/en\/privacy\/","url":"https:\/\/mediodesign.com\/en\/privacy\/","name":"-Privacy- Medio Design","isPartOf":{"@id":"https:\/\/mediodesign.com\/en\/#website"},"datePublished":"2025-10-23T11:25:16+00:00","dateModified":"2025-10-27T15:13:00+00:00","breadcrumb":{"@id":"https:\/\/mediodesign.com\/en\/privacy\/#breadcrumb"},"inLanguage":"en-US","potentialAction":[{"@type":"ReadAction","target":["https:\/\/mediodesign.com\/en\/privacy\/"]}]},{"@type":"BreadcrumbList","@id":"https:\/\/mediodesign.com\/en\/privacy\/#breadcrumb","itemListElement":[{"@type":"ListItem","position":1,"name":"Portada","item":"https:\/\/mediodesign.com\/en\/home\/"},{"@type":"ListItem","position":2,"name":"-Privacy-"}]},{"@type":"WebSite","@id":"https:\/\/mediodesign.com\/en\/#website","url":"https:\/\/mediodesign.com\/en\/","name":"Medio Design","description":"","publisher":{"@id":"https:\/\/mediodesign.com\/en\/#organization"},"potentialAction":[{"@type":"SearchAction","target":{"@type":"EntryPoint","urlTemplate":"https:\/\/mediodesign.com\/en\/?s={search_term_string}"},"query-input":{"@type":"PropertyValueSpecification","valueRequired":true,"valueName":"search_term_string"}}],"inLanguage":"en-US"},{"@type":"Organization","@id":"https:\/\/mediodesign.com\/en\/#organization","name":"MEDIO DESIGN STUDIO S.L.","url":"https:\/\/mediodesign.com\/en\/","logo":{"@type":"ImageObject","inLanguage":"en-US","@id":"https:\/\/mediodesign.com\/en\/#\/schema\/logo\/image\/","url":"https:\/\/mediodesign.com\/wp-content\/uploads\/2025\/07\/medioLOGO.png","contentUrl":"https:\/\/mediodesign.com\/wp-content\/uploads\/2025\/07\/medioLOGO.png","width":1379,"height":493,"caption":"MEDIO DESIGN STUDIO S.L."},"image":{"@id":"https:\/\/mediodesign.com\/en\/#\/schema\/logo\/image\/"}}]}},"_links":{"self":[{"href":"https:\/\/mediodesign.com\/en\/wp-json\/wp\/v2\/pages\/3708","targetHints":{"allow":["GET"]}}],"collection":[{"href":"https:\/\/mediodesign.com\/en\/wp-json\/wp\/v2\/pages"}],"about":[{"href":"https:\/\/mediodesign.com\/en\/wp-json\/wp\/v2\/types\/page"}],"author":[{"embeddable":true,"href":"https:\/\/mediodesign.com\/en\/wp-json\/wp\/v2\/users\/1"}],"replies":[{"embeddable":true,"href":"https:\/\/mediodesign.com\/en\/wp-json\/wp\/v2\/comments?post=3708"}],"version-history":[{"count":1,"href":"https:\/\/mediodesign.com\/en\/wp-json\/wp\/v2\/pages\/3708\/revisions"}],"predecessor-version":[{"id":3709,"href":"https:\/\/mediodesign.com\/en\/wp-json\/wp\/v2\/pages\/3708\/revisions\/3709"}],"wp:attachment":[{"href":"https:\/\/mediodesign.com\/en\/wp-json\/wp\/v2\/media?parent=3708"}],"curies":[{"name":"wp","href":"https:\/\/api.w.org\/{rel}","templated":true}]}}